{"id":144122,"date":"2020-05-22T17:30:57","date_gmt":"2020-05-22T15:30:57","guid":{"rendered":"https:\/\/robertaebasta.com\/?page_id=144122"},"modified":"2020-07-27T18:14:14","modified_gmt":"2020-07-27T16:14:14","slug":"evenements-et-actualites","status":"publish","type":"page","link":"https:\/\/robertaebasta.com\/fr\/evenements-et-actualites\/","title":{"rendered":"\u00c9v\u00e9nemente et Actualit\u00e9s"},"content":{"rendered":"[vc_row nav_skin=\u00a0\u00bblight\u00a0\u00bb consent_include=\u00a0\u00bbinclude\u00a0\u00bb custom_bg_color=\u00a0\u00bb{\u00ab\u00a0solid\u00ab\u00a0:{\u00ab\u00a0id\u00ab\u00a0:\u00ab\u00a0Dark color\u00ab\u00a0,\u00ab\u00a0color\u00ab\u00a0:\u00ab\u00a0#3c4d51\u00ab\u00a0}}\u00a0\u00bb][vc_column el_design=\u00a0\u00bb{\u00ab\u00a0desktop\u00ab\u00a0:{\u00ab\u00a0padding-top\u00ab\u00a0:\u00ab\u00a00\u00ab\u00a0,\u00ab\u00a0padding-right\u00ab\u00a0:\u00ab\u00a00\u00ab\u00a0,\u00ab\u00a0padding-bottom\u00ab\u00a0:\u00ab\u00a00\u00ab\u00a0,\u00ab\u00a0padding-left\u00ab\u00a0:\u00ab\u00a00\u00ab\u00a0}}\u00a0\u00bb css_animation=\u00a0\u00bb\u00a0\u00bb][vc_raw_html]JTVCbG9vcCUyMHR5cGUlM0RldmVudGlfbmV3cyUyMHRheG9ub215JTNEbmV3c19jYXRlZ29yeSUyMHRlcm0lM0RuZXdzJTIwY291bnQlM0QxJTVEJTBBJTIwJTIwJTVCaWYlMjBub3QlMjBlbXB0eSU1RCU1QnRlbXBsYXRlcmElMjBpZCUzRCUyMjY1MCUyMiU1RCU1QiUyRmlmJTVEJTBBJTVCJTJGbG9vcCU1RA==[\/vc_raw_html][\/vc_column][\/vc_row][vc_row nav_skin=\u00a0\u00bblight\u00a0\u00bb consent_include=\u00a0\u00bbinclude\u00a0\u00bb el_design=\u00a0\u00bb{\u00ab\u00a0desktop\u00ab\u00a0:{\u00ab\u00a0padding-top\u00ab\u00a0:\u00ab\u00a032\u00ab\u00a0,\u00ab\u00a0padding-bottom\u00ab\u00a0:\u00ab\u00a032\u00ab\u00a0}}\u00a0\u00bb][vc_column el_design=\u00a0\u00bb{\u00ab\u00a0desktop\u00ab\u00a0:{\u00ab\u00a0padding-top\u00ab\u00a0:\u00ab\u00a015\u00ab\u00a0,\u00ab\u00a0padding-right\u00ab\u00a0:\u00ab\u00a015\u00ab\u00a0,\u00ab\u00a0padding-bottom\u00ab\u00a0:\u00ab\u00a015\u00ab\u00a0,\u00ab\u00a0padding-left\u00ab\u00a0:\u00ab\u00a015\u00ab\u00a0}}\u00a0\u00bb css_animation=\u00a0\u00bb\u00a0\u00bb offset=\u00a0\u00bbvc_col-md-offset-1 vc_col-md-10&Prime;][vc_text_element css_animation=\u00a0\u00bb\u00a0\u00bb]\n<p style=\"text-align: center;\">Les galeries Robertaebasta sont au c\u0153ur de nombreux \u00e9v\u00e9nements et initiatives. Cette section rassemble les \u00e9v\u00e9nements les plus r\u00e9cents, anim\u00e9s par des personnes passionn\u00e9es des arts d\u00e9coratifs et du design. Pour en savoir plus, consultez les <strong><a href=\"https:\/\/robertaebasta.com\/fr\/evenements-passes\/\">\u00e9v\u00e9nements pass\u00e9s<\/a><\/strong>.<\/p>\n[\/vc_text_element][\/vc_column][\/vc_row][vc_row nav_skin=\u00a0\u00bblight\u00a0\u00bb consent_include=\u00a0\u00bbinclude\u00a0\u00bb][vc_column css_animation=\u00a0\u00bb\u00a0\u00bb][vc_basic_grid post_type=\u00a0\u00bbeventi_news\u00a0\u00bb max_items=\u00a0\u00bb15&Prime; gap=\u00a0\u00bb35&Prime; item=\u00a0\u00bb673&Prime; initial_loading_animation=\u00a0\u00bbnone\u00a0\u00bb grid_id=\u00a0\u00bbvc_gid:1595866426549-f11c8fe8-eb27-7&Prime; taxonomies=\u00a0\u00bb41&Prime;][vc_button_default title=\u00a0\u00bb\u00c9V\u00c9NEMENTS PASS\u00c9S\u00a0\u00bb style=\u00a0\u00bbprimary\u00a0\u00bb size=\u00a0\u00bb5&Prime; display=\u00a0\u00bbdisplay_block\u00a0\u00bb button_align=\u00a0\u00bbbtn_align_center\u00a0\u00bb css_animation=\u00a0\u00bb\u00a0\u00bb link=\u00a0\u00bburl:https%3A%2F%2Frobertaebasta.com%2Ffr%2Fevenements-passes%2F|title:Archivio%20Eventi||\u00a0\u00bb margin=\u00a0\u00bb{\u00ab\u00a0top\u00ab\u00a0:30,\u00ab\u00a0property\u00ab\u00a0:\u00ab\u00a0margin\u00ab\u00a0}\u00a0\u00bb][\/vc_column][\/vc_row]\n","protected":false},"excerpt":{"rendered":"<p>[vc_row nav_skin=\u00a0\u00bblight\u00a0\u00bb consent_include=\u00a0\u00bbinclude\u00a0\u00bb custom_bg_color=\u00a0\u00bb{\u00ab\u00a0solid\u00ab\u00a0:{\u00ab\u00a0id\u00ab\u00a0:\u00ab\u00a0Dark color\u00ab\u00a0,\u00ab\u00a0color\u00ab\u00a0:\u00ab\u00a0#3c4d51\u00ab\u00a0}}\u00a0\u00bb][vc_column el_design=\u00a0\u00bb{\u00ab\u00a0desktop\u00ab\u00a0:{\u00ab\u00a0padding-top\u00ab\u00a0:\u00ab\u00a00\u00ab\u00a0,\u00ab\u00a0padding-right\u00ab\u00a0:\u00ab\u00a00\u00ab\u00a0,\u00ab\u00a0padding-bottom\u00ab\u00a0:\u00ab\u00a00\u00ab\u00a0,\u00ab\u00a0padding-left\u00ab\u00a0:\u00ab\u00a00\u00ab\u00a0}}\u00a0\u00bb css_animation=\u00a0\u00bb\u00a0\u00bb][vc_raw_html]JTVCbG9vcCUyMHR5cGUlM0RldmVudGlfbmV3cyUyMHRheG9ub215JTNEbmV3c19jYXRlZ29yeSUyMHRlcm0lM0RuZXdzJTIwY291bnQlM0QxJTVEJTBBJTIwJTIwJTVCaWYlMjBub3QlMjBlbXB0eSU1RCU1QnRlbXBsYXRlcmElMjBpZCUzRCUyMjY1MCUyMiU1RCU1QiUyRmlmJTVEJTBBJTVCJTJGbG9vcCU1RA==[\/vc_raw_html][\/vc_column][\/vc_row][vc_row nav_skin=\u00a0\u00bblight\u00a0\u00bb consent_include=\u00a0\u00bbinclude\u00a0\u00bb el_design=\u00a0\u00bb{\u00ab\u00a0desktop\u00ab\u00a0:{\u00ab\u00a0padding-top\u00ab\u00a0:\u00ab\u00a032\u00ab\u00a0,\u00ab\u00a0padding-bottom\u00ab\u00a0:\u00ab\u00a032\u00ab\u00a0}}\u00a0\u00bb][vc_column el_design=\u00a0\u00bb{\u00ab\u00a0desktop\u00ab\u00a0:{\u00ab\u00a0padding-top\u00ab\u00a0:\u00ab\u00a015\u00ab\u00a0,\u00ab\u00a0padding-right\u00ab\u00a0:\u00ab\u00a015\u00ab\u00a0,\u00ab\u00a0padding-bottom\u00ab\u00a0:\u00ab\u00a015\u00ab\u00a0,\u00ab\u00a0padding-left\u00ab\u00a0:\u00ab\u00a015\u00ab\u00a0}}\u00a0\u00bb css_animation=\u00a0\u00bb\u00a0\u00bb offset=\u00a0\u00bbvc_col-md-offset-1 vc_col-md-10&Prime;][vc_text_element css_animation=\u00a0\u00bb\u00a0\u00bb] Les galeries Robertaebasta sont au c\u0153ur de nombreux \u00e9v\u00e9nements et initiatives. Cette section rassemble les \u00e9v\u00e9nements les plus r\u00e9cents, anim\u00e9s par des personnes passionn\u00e9es des arts d\u00e9coratifs et du design. Pour en savoir plus, consultez les \u00e9v\u00e9nements pass\u00e9s. [\/vc_text_element][\/vc_column][\/vc_row][vc_row nav_skin=\u00a0\u00bblight\u00a0\u00bb consent_include=\u00a0\u00bbinclude\u00a0\u00bb][vc_column css_animation=\u00a0\u00bb\u00a0\u00bb][vc_basic_grid post_type=\u00a0\u00bbeventi_news\u00a0\u00bb max_items=\u00a0\u00bb15&Prime; gap=\u00a0\u00bb35&Prime; item=\u00a0\u00bb673&Prime; initial_loading_animation=\u00a0\u00bbnone\u00a0\u00bb grid_id=\u00a0\u00bbvc_gid:1595866426549-f11c8fe8-eb27-7&Prime; taxonomies=\u00a0\u00bb41&Prime;][vc_button_default title=\u00a0\u00bb\u00c9V\u00c9NEMENTS PASS\u00c9S\u00a0\u00bb style=\u00a0\u00bbprimary\u00a0\u00bb size=\u00a0\u00bb5&Prime; display=\u00a0\u00bbdisplay_block\u00a0\u00bb button_align=\u00a0\u00bbbtn_align_center\u00a0\u00bb css_animation=\u00a0\u00bb\u00a0\u00bb link=\u00a0\u00bburl:https%3A%2F%2Frobertaebasta.com%2Ffr%2Fevenements-passes%2F|title:Archivio%20Eventi||\u00a0\u00bb margin=\u00a0\u00bb{\u00ab\u00a0top\u00ab\u00a0:30,\u00ab\u00a0property\u00ab\u00a0:\u00ab\u00a0margin\u00ab\u00a0}\u00a0\u00bb][\/vc_column][\/vc_row]<\/p>\n","protected":false},"author":3,"featured_media":0,"parent":0,"menu_order":0,"comment_status":"closed","ping_status":"closed","template":"","meta":{"footnotes":""},"acf":[],"yoast_head":"<!-- This site is optimized with the Yoast SEO plugin v23.5 - https:\/\/yoast.com\/wordpress\/plugins\/seo\/ -->\n<title>\u00c9v\u00e9nemente et Actualit\u00e9s - Robertaebasta\u00ae Art Gallery<\/title>\n<meta name=\"description\" content=\"JTVCbG9vcCUyMHR5cGUlM0RldmVudGlfbmV3cyUyMHRheG9ub215JTNEbmV3c19jYXRlZ29yeSUyMHRlcm0lM0RuZXdzJTIwY291bnQlM0QxJTVEJTBBJTIwJTIwJTVCaWYlMjBub3QlMjBlbXB0eSU1RCU1\" \/>\n<meta name=\"robots\" content=\"index, follow, max-snippet:-1, max-image-preview:large, max-video-preview:-1\" \/>\n<link rel=\"canonical\" href=\"https:\/\/robertaebasta.com\/fr\/evenements-et-actualites\/\" \/>\n<meta property=\"og:locale\" content=\"fr_FR\" \/>\n<meta property=\"og:type\" content=\"article\" \/>\n<meta property=\"og:title\" content=\"\u00c9v\u00e9nemente et Actualit\u00e9s - Robertaebasta\u00ae Art Gallery\" \/>\n<meta property=\"og:description\" content=\"JTVCbG9vcCUyMHR5cGUlM0RldmVudGlfbmV3cyUyMHRheG9ub215JTNEbmV3c19jYXRlZ29yeSUyMHRlcm0lM0RuZXdzJTIwY291bnQlM0QxJTVEJTBBJTIwJTIwJTVCaWYlMjBub3QlMjBlbXB0eSU1RCU1\" \/>\n<meta property=\"og:url\" content=\"https:\/\/robertaebasta.com\/fr\/evenements-et-actualites\/\" \/>\n<meta property=\"og:site_name\" content=\"Robertaebasta\u00ae Art Gallery\" \/>\n<meta property=\"article:publisher\" content=\"https:\/\/www.facebook.com\/RobertaebastaMilano\/\" \/>\n<meta property=\"article:modified_time\" content=\"2020-07-27T16:14:14+00:00\" \/>\n<meta property=\"og:image\" content=\"https:\/\/robertaebasta.com\/wp-content\/uploads\/2020\/07\/galleria_2.jpg\" \/>\n\t<meta property=\"og:image:width\" content=\"1000\" \/>\n\t<meta property=\"og:image:height\" content=\"761\" \/>\n\t<meta property=\"og:image:type\" content=\"image\/jpeg\" \/>\n<meta name=\"twitter:card\" content=\"summary_large_image\" \/>\n<meta name=\"twitter:site\" content=\"@robertaebasta1\" \/>\n<meta name=\"twitter:label1\" content=\"Dur\u00e9e de lecture estim\u00e9e\" \/>\n\t<meta name=\"twitter:data1\" content=\"1 minute\" \/>\n<!-- \/ Yoast SEO plugin. -->","yoast_head_json":{"title":"\u00c9v\u00e9nemente et Actualit\u00e9s - Robertaebasta\u00ae Art Gallery","description":"JTVCbG9vcCUyMHR5cGUlM0RldmVudGlfbmV3cyUyMHRheG9ub215JTNEbmV3c19jYXRlZ29yeSUyMHRlcm0lM0RuZXdzJTIwY291bnQlM0QxJTVEJTBBJTIwJTIwJTVCaWYlMjBub3QlMjBlbXB0eSU1RCU1","robots":{"index":"index","follow":"follow","max-snippet":"max-snippet:-1","max-image-preview":"max-image-preview:large","max-video-preview":"max-video-preview:-1"},"canonical":"https:\/\/robertaebasta.com\/fr\/evenements-et-actualites\/","og_locale":"fr_FR","og_type":"article","og_title":"\u00c9v\u00e9nemente et Actualit\u00e9s - Robertaebasta\u00ae Art Gallery","og_description":"JTVCbG9vcCUyMHR5cGUlM0RldmVudGlfbmV3cyUyMHRheG9ub215JTNEbmV3c19jYXRlZ29yeSUyMHRlcm0lM0RuZXdzJTIwY291bnQlM0QxJTVEJTBBJTIwJTIwJTVCaWYlMjBub3QlMjBlbXB0eSU1RCU1","og_url":"https:\/\/robertaebasta.com\/fr\/evenements-et-actualites\/","og_site_name":"Robertaebasta\u00ae Art Gallery","article_publisher":"https:\/\/www.facebook.com\/RobertaebastaMilano\/","article_modified_time":"2020-07-27T16:14:14+00:00","og_image":[{"width":1000,"height":761,"url":"https:\/\/robertaebasta.com\/wp-content\/uploads\/2020\/07\/galleria_2.jpg","type":"image\/jpeg"}],"twitter_card":"summary_large_image","twitter_site":"@robertaebasta1","twitter_misc":{"Dur\u00e9e de lecture estim\u00e9e":"1 minute"},"schema":{"@context":"https:\/\/schema.org","@graph":[{"@type":"WebPage","@id":"https:\/\/robertaebasta.com\/fr\/evenements-et-actualites\/","url":"https:\/\/robertaebasta.com\/fr\/evenements-et-actualites\/","name":"\u00c9v\u00e9nemente et Actualit\u00e9s - Robertaebasta\u00ae Art Gallery","isPartOf":{"@id":"https:\/\/robertaebasta.com\/fr\/#website"},"datePublished":"2020-05-22T15:30:57+00:00","dateModified":"2020-07-27T16:14:14+00:00","description":"JTVCbG9vcCUyMHR5cGUlM0RldmVudGlfbmV3cyUyMHRheG9ub215JTNEbmV3c19jYXRlZ29yeSUyMHRlcm0lM0RuZXdzJTIwY291bnQlM0QxJTVEJTBBJTIwJTIwJTVCaWYlMjBub3QlMjBlbXB0eSU1RCU1","breadcrumb":{"@id":"https:\/\/robertaebasta.com\/fr\/evenements-et-actualites\/#breadcrumb"},"inLanguage":"fr-FR","potentialAction":[{"@type":"ReadAction","target":["https:\/\/robertaebasta.com\/fr\/evenements-et-actualites\/"]}]},{"@type":"BreadcrumbList","@id":"https:\/\/robertaebasta.com\/fr\/evenements-et-actualites\/#breadcrumb","itemListElement":[{"@type":"ListItem","position":1,"name":"Home","item":"https:\/\/robertaebasta.com\/fr\/"},{"@type":"ListItem","position":2,"name":"\u00c9v\u00e9nemente et Actualit\u00e9s"}]},{"@type":"WebSite","@id":"https:\/\/robertaebasta.com\/fr\/#website","url":"https:\/\/robertaebasta.com\/fr\/","name":"Robertaebasta\u00ae Art Gallery","description":"Galleria Antiquaria Milano: art deco, modernariato e stile vintage","publisher":{"@id":"https:\/\/robertaebasta.com\/fr\/#organization"},"potentialAction":[{"@type":"SearchAction","target":{"@type":"EntryPoint","urlTemplate":"https:\/\/robertaebasta.com\/fr\/?s={search_term_string}"},"query-input":{"@type":"PropertyValueSpecification","valueRequired":true,"valueName":"search_term_string"}}],"inLanguage":"fr-FR"},{"@type":"Organization","@id":"https:\/\/robertaebasta.com\/fr\/#organization","name":"Robertaebasta\u00ae","url":"https:\/\/robertaebasta.com\/fr\/","logo":{"@type":"ImageObject","inLanguage":"fr-FR","@id":"https:\/\/robertaebasta.com\/fr\/#\/schema\/logo\/image\/","url":"https:\/\/robertaebasta.com\/wp-content\/uploads\/2020\/03\/logo_oro.png","contentUrl":"https:\/\/robertaebasta.com\/wp-content\/uploads\/2020\/03\/logo_oro.png","width":991,"height":180,"caption":"Robertaebasta\u00ae"},"image":{"@id":"https:\/\/robertaebasta.com\/fr\/#\/schema\/logo\/image\/"},"sameAs":["https:\/\/www.facebook.com\/RobertaebastaMilano\/","https:\/\/x.com\/robertaebasta1","https:\/\/www.instagram.com\/galleria_robertaebasta\/","https:\/\/www.linkedin.com\/company\/robertaebasta\/","https:\/\/www.pinterest.it\/robertaebastaartgallery\/","https:\/\/www.youtube.com\/channel\/UC4l_1jBxbO1I18UQKcImUsw"]}]}},"_links":{"self":[{"href":"https:\/\/robertaebasta.com\/fr\/wp-json\/wp\/v2\/pages\/144122"}],"collection":[{"href":"https:\/\/robertaebasta.com\/fr\/wp-json\/wp\/v2\/pages"}],"about":[{"href":"https:\/\/robertaebasta.com\/fr\/wp-json\/wp\/v2\/types\/page"}],"author":[{"embeddable":true,"href":"https:\/\/robertaebasta.com\/fr\/wp-json\/wp\/v2\/users\/3"}],"replies":[{"embeddable":true,"href":"https:\/\/robertaebasta.com\/fr\/wp-json\/wp\/v2\/comments?post=144122"}],"version-history":[{"count":0,"href":"https:\/\/robertaebasta.com\/fr\/wp-json\/wp\/v2\/pages\/144122\/revisions"}],"wp:attachment":[{"href":"https:\/\/robertaebasta.com\/fr\/wp-json\/wp\/v2\/media?parent=144122"}],"curies":[{"name":"wp","href":"https:\/\/api.w.org\/{rel}","templated":true}]}}