{"id":144133,"date":"2020-05-22T17:47:59","date_gmt":"2020-05-22T15:47:59","guid":{"rendered":"https:\/\/robertaebasta.com\/?page_id=144133"},"modified":"2020-05-22T17:47:59","modified_gmt":"2020-05-22T15:47:59","slug":"works","status":"publish","type":"page","link":"https:\/\/robertaebasta.com\/fr\/works\/","title":{"rendered":"Works"},"content":{"rendered":"[vc_row nav_skin=\u00a0\u00bblight\u00a0\u00bb consent_include=\u00a0\u00bbinclude\u00a0\u00bb][vc_column el_design=\u00a0\u00bb{\u00ab\u00a0desktop\u00ab\u00a0:{\u00ab\u00a0padding-top\u00ab\u00a0:\u00ab\u00a015\u00ab\u00a0,\u00ab\u00a0padding-right\u00ab\u00a0:\u00ab\u00a015\u00ab\u00a0,\u00ab\u00a0padding-bottom\u00ab\u00a0:\u00ab\u00a015\u00ab\u00a0,\u00ab\u00a0padding-left\u00ab\u00a0:\u00ab\u00a015\u00ab\u00a0}}\u00a0\u00bb css_animation=\u00a0\u00bb\u00a0\u00bb offset=\u00a0\u00bbvc_col-md-offset-1 vc_col-md-10&Prime;][vc_text_element css_animation=\u00a0\u00bb\u00a0\u00bb]\n<p style=\"text-align: center;\"><strong>L\u2019art \u00e9volue, et avec lui, le style.<\/strong><br \/>\nRobertaebasta \u00e9largit son offre cr\u00e9ative en int\u00e9grant tous les aspects de l\u2019art, pour mieux mettre en valeur les lieux de vie et les architectures. Des styles extraordinaires et insolites m\u00ealant art, architecture et design, illustrant le lien intense qui se tisse entre les \u0153uvres et l\u2019espace de vie. Une \u0153uvre est un investissement qui invite \u00e0 int\u00e9grer de nombreux aspects de l\u2019art dans notre environnement, donnant vie \u00e0 des concepts d\u2019habitat nouveaux et surprenants.<\/p>\n[\/vc_text_element][\/vc_column][\/vc_row][vc_row nav_skin=\u00a0\u00bblight\u00a0\u00bb consent_include=\u00a0\u00bbinclude\u00a0\u00bb el_design=\u00a0\u00bb{\u00ab\u00a0desktop\u00ab\u00a0:{\u00ab\u00a0padding-top\u00ab\u00a0:\u00ab\u00a032\u00ab\u00a0,\u00ab\u00a0padding-bottom\u00ab\u00a0:\u00ab\u00a032\u00ab\u00a0}}\u00a0\u00bb][vc_column css_animation=\u00a0\u00bb\u00a0\u00bb][vc_basic_grid post_type=\u00a0\u00bbworks\u00a0\u00bb max_items=\u00a0\u00bb-1&Prime; gap=\u00a0\u00bb35&Prime; item=\u00a0\u00bb673&Prime; initial_loading_animation=\u00a0\u00bbnone\u00a0\u00bb grid_id=\u00a0\u00bbvc_gid:1590162442400-693cece0-c16d-5&Prime;][\/vc_column][\/vc_row]\n","protected":false},"excerpt":{"rendered":"<p>[vc_row nav_skin=\u00a0\u00bblight\u00a0\u00bb consent_include=\u00a0\u00bbinclude\u00a0\u00bb][vc_column el_design=\u00a0\u00bb{\u00ab\u00a0desktop\u00ab\u00a0:{\u00ab\u00a0padding-top\u00ab\u00a0:\u00ab\u00a015\u00ab\u00a0,\u00ab\u00a0padding-right\u00ab\u00a0:\u00ab\u00a015\u00ab\u00a0,\u00ab\u00a0padding-bottom\u00ab\u00a0:\u00ab\u00a015\u00ab\u00a0,\u00ab\u00a0padding-left\u00ab\u00a0:\u00ab\u00a015\u00ab\u00a0}}\u00a0\u00bb css_animation=\u00a0\u00bb\u00a0\u00bb offset=\u00a0\u00bbvc_col-md-offset-1 vc_col-md-10&Prime;][vc_text_element css_animation=\u00a0\u00bb\u00a0\u00bb] L\u2019art \u00e9volue, et avec lui, le style. Robertaebasta \u00e9largit son offre cr\u00e9ative en int\u00e9grant tous les aspects de l\u2019art, pour mieux mettre en valeur les lieux de vie et les architectures. Des styles extraordinaires et insolites m\u00ealant art, architecture et design, illustrant le lien intense qui se tisse entre les \u0153uvres et l\u2019espace de vie. Une \u0153uvre est un investissement qui invite \u00e0 int\u00e9grer de nombreux aspects [&#8230;]<\/p>\n","protected":false},"author":3,"featured_media":0,"parent":0,"menu_order":0,"comment_status":"closed","ping_status":"closed","template":"","meta":{"footnotes":""},"acf":[],"yoast_head":"<!-- This site is optimized with the Yoast SEO plugin v23.5 - https:\/\/yoast.com\/wordpress\/plugins\/seo\/ -->\n<title>Works - Robertaebasta\u00ae Art Gallery<\/title>\n<meta name=\"description\" content=\"L\u2019art \u00e9volue, et avec lui, le style. Robertaebasta \u00e9largit son offre cr\u00e9ative en int\u00e9grant tous les aspects de l\u2019art, pour mieux mettre en valeur les\" \/>\n<meta name=\"robots\" content=\"index, follow, max-snippet:-1, max-image-preview:large, max-video-preview:-1\" \/>\n<link rel=\"canonical\" href=\"https:\/\/robertaebasta.com\/fr\/works\/\" \/>\n<meta property=\"og:locale\" content=\"fr_FR\" \/>\n<meta property=\"og:type\" content=\"article\" \/>\n<meta property=\"og:title\" content=\"Works - Robertaebasta\u00ae Art Gallery\" \/>\n<meta property=\"og:description\" content=\"L\u2019art \u00e9volue, et avec lui, le style. Robertaebasta \u00e9largit son offre cr\u00e9ative en int\u00e9grant tous les aspects de l\u2019art, pour mieux mettre en valeur les\" \/>\n<meta property=\"og:url\" content=\"https:\/\/robertaebasta.com\/fr\/works\/\" \/>\n<meta property=\"og:site_name\" content=\"Robertaebasta\u00ae Art Gallery\" \/>\n<meta property=\"article:publisher\" content=\"https:\/\/www.facebook.com\/RobertaebastaMilano\/\" \/>\n<meta property=\"og:image\" content=\"https:\/\/robertaebasta.com\/wp-content\/uploads\/2020\/07\/galleria_2.jpg\" \/>\n\t<meta property=\"og:image:width\" content=\"1000\" \/>\n\t<meta property=\"og:image:height\" content=\"761\" \/>\n\t<meta property=\"og:image:type\" content=\"image\/jpeg\" \/>\n<meta name=\"twitter:card\" content=\"summary_large_image\" \/>\n<meta name=\"twitter:site\" content=\"@robertaebasta1\" \/>\n<meta name=\"twitter:label1\" content=\"Dur\u00e9e de lecture estim\u00e9e\" \/>\n\t<meta name=\"twitter:data1\" content=\"1 minute\" \/>\n<!-- \/ Yoast SEO plugin. -->","yoast_head_json":{"title":"Works - Robertaebasta\u00ae Art Gallery","description":"L\u2019art \u00e9volue, et avec lui, le style. Robertaebasta \u00e9largit son offre cr\u00e9ative en int\u00e9grant tous les aspects de l\u2019art, pour mieux mettre en valeur les","robots":{"index":"index","follow":"follow","max-snippet":"max-snippet:-1","max-image-preview":"max-image-preview:large","max-video-preview":"max-video-preview:-1"},"canonical":"https:\/\/robertaebasta.com\/fr\/works\/","og_locale":"fr_FR","og_type":"article","og_title":"Works - Robertaebasta\u00ae Art Gallery","og_description":"L\u2019art \u00e9volue, et avec lui, le style. Robertaebasta \u00e9largit son offre cr\u00e9ative en int\u00e9grant tous les aspects de l\u2019art, pour mieux mettre en valeur les","og_url":"https:\/\/robertaebasta.com\/fr\/works\/","og_site_name":"Robertaebasta\u00ae Art Gallery","article_publisher":"https:\/\/www.facebook.com\/RobertaebastaMilano\/","og_image":[{"width":1000,"height":761,"url":"https:\/\/robertaebasta.com\/wp-content\/uploads\/2020\/07\/galleria_2.jpg","type":"image\/jpeg"}],"twitter_card":"summary_large_image","twitter_site":"@robertaebasta1","twitter_misc":{"Dur\u00e9e de lecture estim\u00e9e":"1 minute"},"schema":{"@context":"https:\/\/schema.org","@graph":[{"@type":"WebPage","@id":"https:\/\/robertaebasta.com\/fr\/works\/","url":"https:\/\/robertaebasta.com\/fr\/works\/","name":"Works - Robertaebasta\u00ae Art Gallery","isPartOf":{"@id":"https:\/\/robertaebasta.com\/fr\/#website"},"datePublished":"2020-05-22T15:47:59+00:00","dateModified":"2020-05-22T15:47:59+00:00","description":"L\u2019art \u00e9volue, et avec lui, le style. Robertaebasta \u00e9largit son offre cr\u00e9ative en int\u00e9grant tous les aspects de l\u2019art, pour mieux mettre en valeur les","breadcrumb":{"@id":"https:\/\/robertaebasta.com\/fr\/works\/#breadcrumb"},"inLanguage":"fr-FR","potentialAction":[{"@type":"ReadAction","target":["https:\/\/robertaebasta.com\/fr\/works\/"]}]},{"@type":"BreadcrumbList","@id":"https:\/\/robertaebasta.com\/fr\/works\/#breadcrumb","itemListElement":[{"@type":"ListItem","position":1,"name":"Home","item":"https:\/\/robertaebasta.com\/fr\/"},{"@type":"ListItem","position":2,"name":"Works"}]},{"@type":"WebSite","@id":"https:\/\/robertaebasta.com\/fr\/#website","url":"https:\/\/robertaebasta.com\/fr\/","name":"Robertaebasta\u00ae Art Gallery","description":"Galleria Antiquaria Milano: art deco, modernariato e stile vintage","publisher":{"@id":"https:\/\/robertaebasta.com\/fr\/#organization"},"potentialAction":[{"@type":"SearchAction","target":{"@type":"EntryPoint","urlTemplate":"https:\/\/robertaebasta.com\/fr\/?s={search_term_string}"},"query-input":{"@type":"PropertyValueSpecification","valueRequired":true,"valueName":"search_term_string"}}],"inLanguage":"fr-FR"},{"@type":"Organization","@id":"https:\/\/robertaebasta.com\/fr\/#organization","name":"Robertaebasta\u00ae","url":"https:\/\/robertaebasta.com\/fr\/","logo":{"@type":"ImageObject","inLanguage":"fr-FR","@id":"https:\/\/robertaebasta.com\/fr\/#\/schema\/logo\/image\/","url":"https:\/\/robertaebasta.com\/wp-content\/uploads\/2020\/03\/logo_oro.png","contentUrl":"https:\/\/robertaebasta.com\/wp-content\/uploads\/2020\/03\/logo_oro.png","width":991,"height":180,"caption":"Robertaebasta\u00ae"},"image":{"@id":"https:\/\/robertaebasta.com\/fr\/#\/schema\/logo\/image\/"},"sameAs":["https:\/\/www.facebook.com\/RobertaebastaMilano\/","https:\/\/x.com\/robertaebasta1","https:\/\/www.instagram.com\/galleria_robertaebasta\/","https:\/\/www.linkedin.com\/company\/robertaebasta\/","https:\/\/www.pinterest.it\/robertaebastaartgallery\/","https:\/\/www.youtube.com\/channel\/UC4l_1jBxbO1I18UQKcImUsw"]}]}},"_links":{"self":[{"href":"https:\/\/robertaebasta.com\/fr\/wp-json\/wp\/v2\/pages\/144133"}],"collection":[{"href":"https:\/\/robertaebasta.com\/fr\/wp-json\/wp\/v2\/pages"}],"about":[{"href":"https:\/\/robertaebasta.com\/fr\/wp-json\/wp\/v2\/types\/page"}],"author":[{"embeddable":true,"href":"https:\/\/robertaebasta.com\/fr\/wp-json\/wp\/v2\/users\/3"}],"replies":[{"embeddable":true,"href":"https:\/\/robertaebasta.com\/fr\/wp-json\/wp\/v2\/comments?post=144133"}],"version-history":[{"count":0,"href":"https:\/\/robertaebasta.com\/fr\/wp-json\/wp\/v2\/pages\/144133\/revisions"}],"wp:attachment":[{"href":"https:\/\/robertaebasta.com\/fr\/wp-json\/wp\/v2\/media?parent=144133"}],"curies":[{"name":"wp","href":"https:\/\/api.w.org\/{rel}","templated":true}]}}