{"id":144137,"date":"2020-05-22T18:04:13","date_gmt":"2020-05-22T16:04:13","guid":{"rendered":"https:\/\/robertaebasta.com\/?page_id=144137"},"modified":"2020-06-25T18:04:31","modified_gmt":"2020-06-25T16:04:31","slug":"services","status":"publish","type":"page","link":"https:\/\/robertaebasta.com\/fr\/services\/","title":{"rendered":"Services aux Clients"},"content":{"rendered":"[vc_row gap=\u00a0\u00bb35&Prime; content_placement=\u00a0\u00bbmiddle\u00a0\u00bb nav_skin=\u00a0\u00bblight\u00a0\u00bb consent_include=\u00a0\u00bbinclude\u00a0\u00bb equal_height=\u00a0\u00bbtrue\u00a0\u00bb el_design=\u00a0\u00bb{\u00ab\u00a0desktop\u00ab\u00a0:{\u00ab\u00a0padding-top\u00ab\u00a0:\u00ab\u00a032\u00ab\u00a0,\u00ab\u00a0padding-bottom\u00ab\u00a0:\u00ab\u00a064\u00ab\u00a0}}\u00a0\u00bb][vc_column width=\u00a0\u00bb1\/2&Prime; css_animation=\u00a0\u00bb\u00a0\u00bb][vc_image_element image=\u00a0\u00bb1389&Prime; size_type=\u00a0\u00bbfixed\u00a0\u00bb alignment=\u00a0\u00bbcenter\u00a0\u00bb lazy=\u00a0\u00bb0&Prime; preloader=\u00a0\u00bb0&Prime; css_animation=\u00a0\u00bb\u00a0\u00bb size_fixed=\u00a0\u00bbfull\u00a0\u00bb][\/vc_column][vc_column el_design=\u00a0\u00bb{\u00ab\u00a0desktop\u00ab\u00a0:{\u00ab\u00a0padding-top\u00ab\u00a0:\u00ab\u00a015\u00ab\u00a0,\u00ab\u00a0padding-right\u00ab\u00a0:\u00ab\u00a015\u00ab\u00a0,\u00ab\u00a0padding-bottom\u00ab\u00a0:\u00ab\u00a015\u00ab\u00a0,\u00ab\u00a0padding-left\u00ab\u00a0:\u00ab\u00a015\u00ab\u00a0}}\u00a0\u00bb width=\u00a0\u00bb1\/2&Prime; css_animation=\u00a0\u00bb\u00a0\u00bb][vc_heading heading_text=\u00a0\u00bbGARANTIE ET CERTIFICATS<br \/>\nD\u2018AUTHENTICIT\u00c9\u00a0\u00bb heading_wrapper=\u00a0\u00bbh3&Prime; heading_typography=\u00a0\u00bb{\u00ab\u00a0transform\u00ab\u00a0:\u00ab\u00a0uppercase\u00ab\u00a0}\u00a0\u00bb responsiveness=\u00a0\u00bbyes\u00a0\u00bb tablet_portrait=\u00a0\u00bb90&Prime; mobile_landscape=\u00a0\u00bb80&Prime; mobile_portrait=\u00a0\u00bb70&Prime; css_animation=\u00a0\u00bb\u00a0\u00bb][vc_text_element css_animation=\u00a0\u00bb\u00a0\u00bb]La galerie Robertaebasta\u00a0garantit chaque pi\u00e8ce en fournissant des certificats de garantie et d\u2019authenticit\u00e9 qui prot\u00e8gent l\u2019\u0153uvre, le client et le patrimoine culturel.[\/vc_text_element][vc_empty_space height=\u00a0\u00bb16px\u00a0\u00bb][vc_heading heading_text=\u00a0\u00bbARCHITECTURE D\u2019INT\u00c9RIEUR<br \/>\nET OBJETS D\u2018AMEUBLEMENT\u00a0\u00bb heading_wrapper=\u00a0\u00bbh3&Prime; heading_typography=\u00a0\u00bb{\u00ab\u00a0transform\u00ab\u00a0:\u00ab\u00a0uppercase\u00ab\u00a0}\u00a0\u00bb responsiveness=\u00a0\u00bbyes\u00a0\u00bb tablet_portrait=\u00a0\u00bb90&Prime; mobile_landscape=\u00a0\u00bb80&Prime; mobile_portrait=\u00a0\u00bb70&Prime; css_animation=\u00a0\u00bb\u00a0\u00bb][vc_text_element css_animation=\u00a0\u00bb\u00a0\u00bb]Gr\u00e2ce \u00e0 leur longue et riche exp\u00e9rience, la propri\u00e9taire Roberta Tagliavini et les architectes qui travaillent exclusivement pour Robertaebasta\u00a0garantissent le caract\u00e8re unique et la beaut\u00e9 des objets d\u2019ameublement et de l\u2019architecture d\u2019int\u00e9rieur qui leur sont confi\u00e9s. La conception d\u2019int\u00e9rieurs selon Robertaebasta ne fait l\u2019impasse sur aucun d\u00e9tail stylistique ou expressif\u00a0: de l\u2019architecture d\u2019int\u00e9rieur \u00e0 l\u2019ajout de tableaux et peintures qui conf\u00e8rent au lieu son \u00e9l\u00e9gance, en passant par des meubles de cr\u00e9ateurs recherch\u00e9s ou le placement de sculptures, c\u00e9ramiques, luminaires et lustres de valeur, rien n\u2019est laiss\u00e9 au hasard. Joseph Prinz, Wildt et Venini sont quelques-uns des cr\u00e9ateurs expos\u00e9s dans les galeries d\u2019art Robertaebasta.[\/vc_text_element][\/vc_column][\/vc_row][vc_row gap=\u00a0\u00bb35&Prime; content_placement=\u00a0\u00bbmiddle\u00a0\u00bb nav_skin=\u00a0\u00bblight\u00a0\u00bb consent_include=\u00a0\u00bbinclude\u00a0\u00bb equal_height=\u00a0\u00bbtrue\u00a0\u00bb el_design=\u00a0\u00bb{\u00ab\u00a0desktop\u00ab\u00a0:{\u00ab\u00a0border-top\u00ab\u00a0:15,\u00ab\u00a0border-right\u00ab\u00a0:0,\u00ab\u00a0border-bottom\u00ab\u00a0:15,\u00ab\u00a0border-left\u00ab\u00a0:0,\u00ab\u00a0padding-top\u00ab\u00a0:\u00ab\u00a064\u00ab\u00a0,\u00ab\u00a0padding-bottom\u00ab\u00a0:\u00ab\u00a064\u00ab\u00a0,\u00ab\u00a0border-style\u00ab\u00a0:\u00ab\u00a0solid\u00ab\u00a0}}\u00a0\u00bb border_color=\u00a0\u00bb{\u00ab\u00a0id\u00ab\u00a0:\u00ab\u00a0custom_7111652836286211\u00ab\u00a0,\u00ab\u00a0color\u00ab\u00a0:\u00ab\u00a0rgba(255,255,255,1)\u00ab\u00a0}\u00a0\u00bb custom_bg_color=\u00a0\u00bb{\u00ab\u00a0solid\u00ab\u00a0:{\u00ab\u00a0id\u00ab\u00a0:\u00ab\u00a0Main accent color\u00ab\u00a0,\u00ab\u00a0color\u00ab\u00a0:\u00ab\u00a0#78beb3\u00ab\u00a0}}\u00a0\u00bb][vc_column css_animation=\u00a0\u00bb\u00a0\u00bb][vc_heading heading_text=\u00a0\u00bbSERVICES PRINCIPAUX\u00a0\u00bb heading_wrapper=\u00a0\u00bbh2&Prime; alignment=\u00a0\u00bbalign_center\u00a0\u00bb heading_typography=\u00a0\u00bb{\u00ab\u00a0variants\u00ab\u00a0:\u00ab\u00a0500\u00ab\u00a0,\u00ab\u00a0transform\u00ab\u00a0:\u00ab\u00a0uppercase\u00ab\u00a0,\u00ab\u00a0font_size\u00ab\u00a0:\u00ab\u00a060px\u00ab\u00a0}\u00a0\u00bb responsiveness=\u00a0\u00bbyes\u00a0\u00bb tablet_portrait=\u00a0\u00bb90&Prime; mobile_landscape=\u00a0\u00bb80&Prime; mobile_portrait=\u00a0\u00bb70&Prime; css_animation=\u00a0\u00bb\u00a0\u00bb][\/vc_column][vc_column width=\u00a0\u00bb1\/2&Prime; css_animation=\u00a0\u00bb\u00a0\u00bb][vc_image_element image=\u00a0\u00bb142051&Prime; size_type=\u00a0\u00bbfixed\u00a0\u00bb alignment=\u00a0\u00bbcenter\u00a0\u00bb lazy=\u00a0\u00bb0&Prime; preloader=\u00a0\u00bb0&Prime; css_animation=\u00a0\u00bb\u00a0\u00bb size_fixed=\u00a0\u00bbfull\u00a0\u00bb][\/vc_column][vc_column el_design=\u00a0\u00bb{\u00ab\u00a0desktop\u00ab\u00a0:{\u00ab\u00a0padding-top\u00ab\u00a0:\u00ab\u00a015\u00ab\u00a0,\u00ab\u00a0padding-right\u00ab\u00a0:\u00ab\u00a015\u00ab\u00a0,\u00ab\u00a0padding-bottom\u00ab\u00a0:\u00ab\u00a015\u00ab\u00a0,\u00ab\u00a0padding-left\u00ab\u00a0:\u00ab\u00a015\u00ab\u00a0}}\u00a0\u00bb width=\u00a0\u00bb1\/2&Prime; css_animation=\u00a0\u00bb\u00a0\u00bb][vc_text_element css_animation=\u00a0\u00bb\u00a0\u00bb]La satisfaction du client est pour la galerie Robertaebasta une qu\u00eate de tous les instants.<\/p>\n<p><strong>ENVOI DES COMMANDES<\/strong><br \/>\nChaque objet peut \u00eatre livr\u00e9 dans le monde entier via un service de transport garantissant ponctualit\u00e9 et pr\u00e9cision.<\/p>\n<p><strong>GESTION ADMINISTRATIVE<\/strong><br \/>\nLa documentation technique, logistique et relative \u00e0 l\u2019authenticit\u00e9 des objets est enti\u00e8rement g\u00e9r\u00e9e par la galerie.<\/p>\n<p><strong>ESSAYEZ LES OBJETS CHEZ VOUS<\/strong><br \/>\nPlus de doutes, plus de regrets\u00a0: la galerie offre la possibilit\u00e9 d\u2019essayer les objets s\u00e9lectionn\u00e9s directement dans les lieux auxquels ils sont destin\u00e9s.<\/p>\n<p><strong>LOCATION<\/strong><br \/>\nLa galerie offre un excellent service de location de mobilier et d\u2019objets pour les productions cin\u00e9matographiques et audiovisuelles.<\/p>\n<p><strong>CONTR\u00d4LE<\/strong><br \/>\nLa galerie Robertaebasta garantit et contr\u00f4le les entreprises externes auxquelles elle confie les travaux de restructuration.[\/vc_text_element][\/vc_column][\/vc_row][vc_row nav_skin=\u00a0\u00bblight\u00a0\u00bb consent_include=\u00a0\u00bbinclude\u00a0\u00bb custom_bg_color=\u00a0\u00bb{\u00ab\u00a0solid\u00ab\u00a0:{\u00ab\u00a0id\u00ab\u00a0:\u00ab\u00a0custom_7111652836286211\u00ab\u00a0,\u00ab\u00a0color\u00ab\u00a0:\u00ab\u00a0rgba(255,255,255,1)\u00ab\u00a0}}\u00a0\u00bb][vc_column css_animation=\u00a0\u00bb\u00a0\u00bb][vc_content_block block=\u00a0\u00bb142258&Prime;][\/vc_column][\/vc_row]\n","protected":false},"excerpt":{"rendered":"<p>[vc_row gap=\u00a0\u00bb35&Prime; content_placement=\u00a0\u00bbmiddle\u00a0\u00bb nav_skin=\u00a0\u00bblight\u00a0\u00bb consent_include=\u00a0\u00bbinclude\u00a0\u00bb equal_height=\u00a0\u00bbtrue\u00a0\u00bb el_design=\u00a0\u00bb{\u00ab\u00a0desktop\u00ab\u00a0:{\u00ab\u00a0padding-top\u00ab\u00a0:\u00ab\u00a032\u00ab\u00a0,\u00ab\u00a0padding-bottom\u00ab\u00a0:\u00ab\u00a064\u00ab\u00a0}}\u00a0\u00bb][vc_column width=\u00a0\u00bb1\/2&Prime; css_animation=\u00a0\u00bb\u00a0\u00bb][vc_image_element image=\u00a0\u00bb1389&Prime; size_type=\u00a0\u00bbfixed\u00a0\u00bb alignment=\u00a0\u00bbcenter\u00a0\u00bb lazy=\u00a0\u00bb0&Prime; preloader=\u00a0\u00bb0&Prime; css_animation=\u00a0\u00bb\u00a0\u00bb size_fixed=\u00a0\u00bbfull\u00a0\u00bb][\/vc_column][vc_column el_design=\u00a0\u00bb{\u00ab\u00a0desktop\u00ab\u00a0:{\u00ab\u00a0padding-top\u00ab\u00a0:\u00ab\u00a015\u00ab\u00a0,\u00ab\u00a0padding-right\u00ab\u00a0:\u00ab\u00a015\u00ab\u00a0,\u00ab\u00a0padding-bottom\u00ab\u00a0:\u00ab\u00a015\u00ab\u00a0,\u00ab\u00a0padding-left\u00ab\u00a0:\u00ab\u00a015\u00ab\u00a0}}\u00a0\u00bb width=\u00a0\u00bb1\/2&Prime; css_animation=\u00a0\u00bb\u00a0\u00bb][vc_heading heading_text=\u00a0\u00bbGARANTIE ET CERTIFICATS D\u2018AUTHENTICIT\u00c9\u00a0\u00bb heading_wrapper=\u00a0\u00bbh3&Prime; heading_typography=\u00a0\u00bb{\u00ab\u00a0transform\u00ab\u00a0:\u00ab\u00a0uppercase\u00ab\u00a0}\u00a0\u00bb responsiveness=\u00a0\u00bbyes\u00a0\u00bb tablet_portrait=\u00a0\u00bb90&Prime; mobile_landscape=\u00a0\u00bb80&Prime; mobile_portrait=\u00a0\u00bb70&Prime; css_animation=\u00a0\u00bb\u00a0\u00bb][vc_text_element css_animation=\u00a0\u00bb\u00a0\u00bb]La galerie Robertaebasta\u00a0garantit chaque pi\u00e8ce en fournissant des certificats de garantie et d\u2019authenticit\u00e9 qui prot\u00e8gent l\u2019\u0153uvre, le client et le patrimoine culturel.[\/vc_text_element][vc_empty_space height=\u00a0\u00bb16px\u00a0\u00bb][vc_heading heading_text=\u00a0\u00bbARCHITECTURE D\u2019INT\u00c9RIEUR ET OBJETS D\u2018AMEUBLEMENT\u00a0\u00bb heading_wrapper=\u00a0\u00bbh3&Prime; heading_typography=\u00a0\u00bb{\u00ab\u00a0transform\u00ab\u00a0:\u00ab\u00a0uppercase\u00ab\u00a0}\u00a0\u00bb responsiveness=\u00a0\u00bbyes\u00a0\u00bb tablet_portrait=\u00a0\u00bb90&Prime; mobile_landscape=\u00a0\u00bb80&Prime; mobile_portrait=\u00a0\u00bb70&Prime; css_animation=\u00a0\u00bb\u00a0\u00bb][vc_text_element css_animation=\u00a0\u00bb\u00a0\u00bb]Gr\u00e2ce \u00e0 leur longue et riche exp\u00e9rience, la propri\u00e9taire Roberta [&#8230;]<\/p>\n","protected":false},"author":3,"featured_media":0,"parent":0,"menu_order":0,"comment_status":"closed","ping_status":"closed","template":"","meta":{"footnotes":""},"acf":[],"yoast_head":"<!-- This site is optimized with the Yoast SEO plugin v23.5 - https:\/\/yoast.com\/wordpress\/plugins\/seo\/ -->\n<title>Services aux Clients - Robertaebasta\u00ae Art Gallery<\/title>\n<meta name=\"description\" content=\"La galerie Robertaebasta\u00a0garantit chaque pi\u00e8ce en fournissant des certificats de garantie et d\u2019authenticit\u00e9 qui prot\u00e8gent l\u2019\u0153uvre, le client et le\" \/>\n<meta name=\"robots\" content=\"index, follow, max-snippet:-1, max-image-preview:large, max-video-preview:-1\" \/>\n<link rel=\"canonical\" href=\"https:\/\/robertaebasta.com\/fr\/services\/\" \/>\n<meta property=\"og:locale\" content=\"fr_FR\" \/>\n<meta property=\"og:type\" content=\"article\" \/>\n<meta property=\"og:title\" content=\"Services aux Clients - Robertaebasta\u00ae Art Gallery\" \/>\n<meta property=\"og:description\" content=\"La galerie Robertaebasta\u00a0garantit chaque pi\u00e8ce en fournissant des certificats de garantie et d\u2019authenticit\u00e9 qui prot\u00e8gent l\u2019\u0153uvre, le client et le\" \/>\n<meta property=\"og:url\" content=\"https:\/\/robertaebasta.com\/fr\/services\/\" \/>\n<meta property=\"og:site_name\" content=\"Robertaebasta\u00ae Art Gallery\" \/>\n<meta property=\"article:publisher\" content=\"https:\/\/www.facebook.com\/RobertaebastaMilano\/\" \/>\n<meta property=\"article:modified_time\" content=\"2020-06-25T16:04:31+00:00\" \/>\n<meta property=\"og:image\" content=\"https:\/\/robertaebasta.com\/wp-content\/uploads\/2020\/07\/galleria_2.jpg\" \/>\n\t<meta property=\"og:image:width\" content=\"1000\" \/>\n\t<meta property=\"og:image:height\" content=\"761\" \/>\n\t<meta property=\"og:image:type\" content=\"image\/jpeg\" \/>\n<meta name=\"twitter:card\" content=\"summary_large_image\" \/>\n<meta name=\"twitter:site\" content=\"@robertaebasta1\" \/>\n<meta name=\"twitter:label1\" content=\"Dur\u00e9e de lecture estim\u00e9e\" \/>\n\t<meta name=\"twitter:data1\" content=\"3 minutes\" \/>\n<!-- \/ Yoast SEO plugin. -->","yoast_head_json":{"title":"Services aux Clients - Robertaebasta\u00ae Art Gallery","description":"La galerie Robertaebasta\u00a0garantit chaque pi\u00e8ce en fournissant des certificats de garantie et d\u2019authenticit\u00e9 qui prot\u00e8gent l\u2019\u0153uvre, le client et le","robots":{"index":"index","follow":"follow","max-snippet":"max-snippet:-1","max-image-preview":"max-image-preview:large","max-video-preview":"max-video-preview:-1"},"canonical":"https:\/\/robertaebasta.com\/fr\/services\/","og_locale":"fr_FR","og_type":"article","og_title":"Services aux Clients - Robertaebasta\u00ae Art Gallery","og_description":"La galerie Robertaebasta\u00a0garantit chaque pi\u00e8ce en fournissant des certificats de garantie et d\u2019authenticit\u00e9 qui prot\u00e8gent l\u2019\u0153uvre, le client et le","og_url":"https:\/\/robertaebasta.com\/fr\/services\/","og_site_name":"Robertaebasta\u00ae Art Gallery","article_publisher":"https:\/\/www.facebook.com\/RobertaebastaMilano\/","article_modified_time":"2020-06-25T16:04:31+00:00","og_image":[{"width":1000,"height":761,"url":"https:\/\/robertaebasta.com\/wp-content\/uploads\/2020\/07\/galleria_2.jpg","type":"image\/jpeg"}],"twitter_card":"summary_large_image","twitter_site":"@robertaebasta1","twitter_misc":{"Dur\u00e9e de lecture estim\u00e9e":"3 minutes"},"schema":{"@context":"https:\/\/schema.org","@graph":[{"@type":"WebPage","@id":"https:\/\/robertaebasta.com\/fr\/services\/","url":"https:\/\/robertaebasta.com\/fr\/services\/","name":"Services aux Clients - Robertaebasta\u00ae Art Gallery","isPartOf":{"@id":"https:\/\/robertaebasta.com\/fr\/#website"},"datePublished":"2020-05-22T16:04:13+00:00","dateModified":"2020-06-25T16:04:31+00:00","description":"La galerie Robertaebasta\u00a0garantit chaque pi\u00e8ce en fournissant des certificats de garantie et d\u2019authenticit\u00e9 qui prot\u00e8gent l\u2019\u0153uvre, le client et le","breadcrumb":{"@id":"https:\/\/robertaebasta.com\/fr\/services\/#breadcrumb"},"inLanguage":"fr-FR","potentialAction":[{"@type":"ReadAction","target":["https:\/\/robertaebasta.com\/fr\/services\/"]}]},{"@type":"BreadcrumbList","@id":"https:\/\/robertaebasta.com\/fr\/services\/#breadcrumb","itemListElement":[{"@type":"ListItem","position":1,"name":"Home","item":"https:\/\/robertaebasta.com\/fr\/"},{"@type":"ListItem","position":2,"name":"Services aux Clients"}]},{"@type":"WebSite","@id":"https:\/\/robertaebasta.com\/fr\/#website","url":"https:\/\/robertaebasta.com\/fr\/","name":"Robertaebasta\u00ae Art Gallery","description":"Galleria Antiquaria Milano: art deco, modernariato e stile vintage","publisher":{"@id":"https:\/\/robertaebasta.com\/fr\/#organization"},"potentialAction":[{"@type":"SearchAction","target":{"@type":"EntryPoint","urlTemplate":"https:\/\/robertaebasta.com\/fr\/?s={search_term_string}"},"query-input":{"@type":"PropertyValueSpecification","valueRequired":true,"valueName":"search_term_string"}}],"inLanguage":"fr-FR"},{"@type":"Organization","@id":"https:\/\/robertaebasta.com\/fr\/#organization","name":"Robertaebasta\u00ae","url":"https:\/\/robertaebasta.com\/fr\/","logo":{"@type":"ImageObject","inLanguage":"fr-FR","@id":"https:\/\/robertaebasta.com\/fr\/#\/schema\/logo\/image\/","url":"https:\/\/robertaebasta.com\/wp-content\/uploads\/2020\/03\/logo_oro.png","contentUrl":"https:\/\/robertaebasta.com\/wp-content\/uploads\/2020\/03\/logo_oro.png","width":991,"height":180,"caption":"Robertaebasta\u00ae"},"image":{"@id":"https:\/\/robertaebasta.com\/fr\/#\/schema\/logo\/image\/"},"sameAs":["https:\/\/www.facebook.com\/RobertaebastaMilano\/","https:\/\/x.com\/robertaebasta1","https:\/\/www.instagram.com\/galleria_robertaebasta\/","https:\/\/www.linkedin.com\/company\/robertaebasta\/","https:\/\/www.pinterest.it\/robertaebastaartgallery\/","https:\/\/www.youtube.com\/channel\/UC4l_1jBxbO1I18UQKcImUsw"]}]}},"_links":{"self":[{"href":"https:\/\/robertaebasta.com\/fr\/wp-json\/wp\/v2\/pages\/144137"}],"collection":[{"href":"https:\/\/robertaebasta.com\/fr\/wp-json\/wp\/v2\/pages"}],"about":[{"href":"https:\/\/robertaebasta.com\/fr\/wp-json\/wp\/v2\/types\/page"}],"author":[{"embeddable":true,"href":"https:\/\/robertaebasta.com\/fr\/wp-json\/wp\/v2\/users\/3"}],"replies":[{"embeddable":true,"href":"https:\/\/robertaebasta.com\/fr\/wp-json\/wp\/v2\/comments?post=144137"}],"version-history":[{"count":0,"href":"https:\/\/robertaebasta.com\/fr\/wp-json\/wp\/v2\/pages\/144137\/revisions"}],"wp:attachment":[{"href":"https:\/\/robertaebasta.com\/fr\/wp-json\/wp\/v2\/media?parent=144137"}],"curies":[{"name":"wp","href":"https:\/\/api.w.org\/{rel}","templated":true}]}}