{"id":187849,"date":"2021-09-29T11:56:04","date_gmt":"2021-09-29T09:56:04","guid":{"rendered":"https:\/\/robertaebasta.com\/cash-or-trash\/"},"modified":"2021-11-26T11:21:26","modified_gmt":"2021-11-26T10:21:26","slug":"cash-or-trash","status":"publish","type":"page","link":"https:\/\/robertaebasta.com\/fr\/cash-or-trash\/","title":{"rendered":"Cash or Trash"},"content":{"rendered":"[vc_row nav_skin=\u00a0\u00bblight\u00a0\u00bb consent_include=\u00a0\u00bbinclude\u00a0\u00bb][vc_column el_design=\u00a0\u00bb{\u00ab\u00a0desktop\u00ab\u00a0:{\u00ab\u00a0padding-top\u00ab\u00a0:\u00ab\u00a015\u00ab\u00a0,\u00ab\u00a0padding-right\u00ab\u00a0:\u00ab\u00a015\u00ab\u00a0,\u00ab\u00a0padding-bottom\u00ab\u00a0:\u00ab\u00a015\u00ab\u00a0,\u00ab\u00a0padding-left\u00ab\u00a0:\u00ab\u00a015\u00ab\u00a0}}\u00a0\u00bb css_animation=\u00a0\u00bb\u00a0\u00bb offset=\u00a0\u00bbvc_col-md-offset-1 vc_col-md-10&Prime;][vc_text_element css_animation=\u00a0\u00bb\u00a0\u00bb]\n<p style=\"text-align: center;\">Diffus\u00e9 \u00e0 partir du lundi 4 octobre sur le canal Nove.<br \/>\nDirig\u00e9 par Paolo Conticini, vous verrez notre <strong>Roberta Tagliavini<\/strong> avec quatre amis et experts du secteur,<br \/>\nengagez-vous dans des batailles serr\u00e9es avec des relances pour gagner les meilleures pi\u00e8ces.<\/p>\n[\/vc_text_element][\/vc_column][\/vc_row][vc_row nav_skin=\u00a0\u00bblight\u00a0\u00bb consent_include=\u00a0\u00bbinclude\u00a0\u00bb el_design=\u00a0\u00bb{\u00ab\u00a0desktop\u00ab\u00a0:{\u00ab\u00a0padding-top\u00ab\u00a0:\u00ab\u00a00\u00ab\u00a0,\u00ab\u00a0padding-bottom\u00ab\u00a0:\u00ab\u00a032\u00ab\u00a0}}\u00a0\u00bb][vc_column css_animation=\u00a0\u00bb\u00a0\u00bb][vc_text_element css_animation=\u00a0\u00bb\u00a0\u00bb]\n<p style=\"text-align: center;\"><div class=\"epyt-video-wrapper\"><iframe  id=\"_ytid_11276\"  width=\"1200\" height=\"675\"  data-origwidth=\"1200\" data-origheight=\"675\"  data-relstop=\"1\" src=\"https:\/\/www.youtube.com\/embed\/bSXLa1HJ9IM?enablejsapi=1&autoplay=0&cc_load_policy=0&cc_lang_pref=&iv_load_policy=3&loop=0&rel=0&fs=1&playsinline=0&autohide=2&theme=dark&color=red&controls=1&disablekb=0&\" class=\"__youtube_prefs__  no-lazyload\" title=\"YouTube player\"  allow=\"fullscreen; accelerometer; autoplay; clipboard-write; encrypted-media; gyroscope; picture-in-picture; web-share\" referrerpolicy=\"strict-origin-when-cross-origin\" allowfullscreen data-no-lazy=\"1\" data-skipgform_ajax_framebjll=\"\"><\/iframe><\/div>\n[\/vc_text_element][\/vc_column][\/vc_row][vc_row nav_skin=\u00a0\u00bblight\u00a0\u00bb consent_include=\u00a0\u00bbinclude\u00a0\u00bb el_design=\u00a0\u00bb{\u00ab\u00a0desktop\u00ab\u00a0:{\u00ab\u00a0padding-top\u00ab\u00a0:\u00ab\u00a00\u00ab\u00a0,\u00ab\u00a0padding-bottom\u00ab\u00a0:\u00ab\u00a032\u00ab\u00a0}}\u00a0\u00bb][vc_column css_animation=\u00a0\u00bb\u00a0\u00bb][vc_basic_grid post_type=\u00a0\u00bbcashortrash\u00a0\u00bb max_items=\u00a0\u00bb-1&Prime; show_filter=\u00a0\u00bbyes\u00a0\u00bb gap=\u00a0\u00bb35&Prime; filter_style=\u00a0\u00bbbordered\u00a0\u00bb filter_default_title=\u00a0\u00bbTutte le stagioni\u00a0\u00bb filter_color=\u00a0\u00bbwhite\u00a0\u00bb item=\u00a0\u00bb1298&Prime; initial_loading_animation=\u00a0\u00bbnone\u00a0\u00bb grid_id=\u00a0\u00bbvc_gid:1637922072585-e7d01f1f-a6d8-6&Prime; filter_source=\u00a0\u00bbstagioni\u00a0\u00bb][\/vc_column][\/vc_row]\n","protected":false},"excerpt":{"rendered":"<p>[vc_row nav_skin=\u00a0\u00bblight\u00a0\u00bb consent_include=\u00a0\u00bbinclude\u00a0\u00bb][vc_column el_design=\u00a0\u00bb{\u00ab\u00a0desktop\u00ab\u00a0:{\u00ab\u00a0padding-top\u00ab\u00a0:\u00ab\u00a015\u00ab\u00a0,\u00ab\u00a0padding-right\u00ab\u00a0:\u00ab\u00a015\u00ab\u00a0,\u00ab\u00a0padding-bottom\u00ab\u00a0:\u00ab\u00a015\u00ab\u00a0,\u00ab\u00a0padding-left\u00ab\u00a0:\u00ab\u00a015\u00ab\u00a0}}\u00a0\u00bb css_animation=\u00a0\u00bb\u00a0\u00bb offset=\u00a0\u00bbvc_col-md-offset-1 vc_col-md-10&Prime;][vc_text_element css_animation=\u00a0\u00bb\u00a0\u00bb] Diffus\u00e9 \u00e0 partir du lundi 4 octobre sur le canal Nove. Dirig\u00e9 par Paolo Conticini, vous verrez notre Roberta Tagliavini avec quatre amis et experts du secteur, engagez-vous dans des batailles serr\u00e9es avec des relances pour gagner les meilleures pi\u00e8ces. [\/vc_text_element][\/vc_column][\/vc_row][vc_row nav_skin=\u00a0\u00bblight\u00a0\u00bb consent_include=\u00a0\u00bbinclude\u00a0\u00bb el_design=\u00a0\u00bb{\u00ab\u00a0desktop\u00ab\u00a0:{\u00ab\u00a0padding-top\u00ab\u00a0:\u00ab\u00a00\u00ab\u00a0,\u00ab\u00a0padding-bottom\u00ab\u00a0:\u00ab\u00a032\u00ab\u00a0}}\u00a0\u00bb][vc_column css_animation=\u00a0\u00bb\u00a0\u00bb][vc_text_element css_animation=\u00a0\u00bb\u00a0\u00bb] [\/vc_text_element][\/vc_column][\/vc_row][vc_row nav_skin=\u00a0\u00bblight\u00a0\u00bb consent_include=\u00a0\u00bbinclude\u00a0\u00bb el_design=\u00a0\u00bb{\u00ab\u00a0desktop\u00ab\u00a0:{\u00ab\u00a0padding-top\u00ab\u00a0:\u00ab\u00a00\u00ab\u00a0,\u00ab\u00a0padding-bottom\u00ab\u00a0:\u00ab\u00a032\u00ab\u00a0}}\u00a0\u00bb][vc_column css_animation=\u00a0\u00bb\u00a0\u00bb][vc_basic_grid post_type=\u00a0\u00bbcashortrash\u00a0\u00bb max_items=\u00a0\u00bb-1&Prime; show_filter=\u00a0\u00bbyes\u00a0\u00bb gap=\u00a0\u00bb35&Prime; filter_style=\u00a0\u00bbbordered\u00a0\u00bb filter_default_title=\u00a0\u00bbTutte le stagioni\u00a0\u00bb filter_color=\u00a0\u00bbwhite\u00a0\u00bb item=\u00a0\u00bb1298&Prime; initial_loading_animation=\u00a0\u00bbnone\u00a0\u00bb grid_id=\u00a0\u00bbvc_gid:1637922072585-e7d01f1f-a6d8-6&Prime; filter_source=\u00a0\u00bbstagioni\u00a0\u00bb][\/vc_column][\/vc_row]<\/p>\n","protected":false},"author":1,"featured_media":187896,"parent":0,"menu_order":0,"comment_status":"closed","ping_status":"closed","template":"","meta":{"footnotes":""},"acf":[],"yoast_head":"<!-- This site is optimized with the Yoast SEO plugin v23.5 - https:\/\/yoast.com\/wordpress\/plugins\/seo\/ -->\n<title>Cash or Trash - Robertaebasta\u00ae Art Gallery<\/title>\n<meta name=\"description\" content=\"Diffus\u00e9 \u00e0 partir du lundi 4 octobre sur le canal Nove. Dirig\u00e9 par Paolo Conticini, vous verrez notre Roberta Tagliavini avec quatre amis et experts du\" \/>\n<meta name=\"robots\" content=\"index, follow, max-snippet:-1, max-image-preview:large, max-video-preview:-1\" \/>\n<link rel=\"canonical\" href=\"https:\/\/robertaebasta.com\/fr\/cash-or-trash\/\" \/>\n<meta property=\"og:locale\" content=\"fr_FR\" \/>\n<meta property=\"og:type\" content=\"article\" \/>\n<meta property=\"og:title\" content=\"Cash or Trash - Robertaebasta\u00ae Art Gallery\" \/>\n<meta property=\"og:description\" content=\"Diffus\u00e9 \u00e0 partir du lundi 4 octobre sur le canal Nove. Dirig\u00e9 par Paolo Conticini, vous verrez notre Roberta Tagliavini avec quatre amis et experts du\" \/>\n<meta property=\"og:url\" content=\"https:\/\/robertaebasta.com\/fr\/cash-or-trash\/\" \/>\n<meta property=\"og:site_name\" content=\"Robertaebasta\u00ae Art Gallery\" \/>\n<meta property=\"article:publisher\" content=\"https:\/\/www.facebook.com\/RobertaebastaMilano\/\" \/>\n<meta property=\"article:modified_time\" content=\"2021-11-26T10:21:26+00:00\" \/>\n<meta property=\"og:image\" content=\"https:\/\/robertaebasta.com\/wp-content\/uploads\/2021\/10\/Cash_Or_Trash.jpg\" \/>\n\t<meta property=\"og:image:width\" content=\"1280\" \/>\n\t<meta property=\"og:image:height\" content=\"720\" \/>\n\t<meta property=\"og:image:type\" content=\"image\/jpeg\" \/>\n<meta name=\"twitter:card\" content=\"summary_large_image\" \/>\n<meta name=\"twitter:site\" content=\"@robertaebasta1\" \/>\n<meta name=\"twitter:label1\" content=\"Dur\u00e9e de lecture estim\u00e9e\" \/>\n\t<meta name=\"twitter:data1\" content=\"1 minute\" \/>\n<!-- \/ Yoast SEO plugin. -->","yoast_head_json":{"title":"Cash or Trash - Robertaebasta\u00ae Art Gallery","description":"Diffus\u00e9 \u00e0 partir du lundi 4 octobre sur le canal Nove. Dirig\u00e9 par Paolo Conticini, vous verrez notre Roberta Tagliavini avec quatre amis et experts du","robots":{"index":"index","follow":"follow","max-snippet":"max-snippet:-1","max-image-preview":"max-image-preview:large","max-video-preview":"max-video-preview:-1"},"canonical":"https:\/\/robertaebasta.com\/fr\/cash-or-trash\/","og_locale":"fr_FR","og_type":"article","og_title":"Cash or Trash - Robertaebasta\u00ae Art Gallery","og_description":"Diffus\u00e9 \u00e0 partir du lundi 4 octobre sur le canal Nove. Dirig\u00e9 par Paolo Conticini, vous verrez notre Roberta Tagliavini avec quatre amis et experts du","og_url":"https:\/\/robertaebasta.com\/fr\/cash-or-trash\/","og_site_name":"Robertaebasta\u00ae Art Gallery","article_publisher":"https:\/\/www.facebook.com\/RobertaebastaMilano\/","article_modified_time":"2021-11-26T10:21:26+00:00","og_image":[{"width":1280,"height":720,"url":"https:\/\/robertaebasta.com\/wp-content\/uploads\/2021\/10\/Cash_Or_Trash.jpg","type":"image\/jpeg"}],"twitter_card":"summary_large_image","twitter_site":"@robertaebasta1","twitter_misc":{"Dur\u00e9e de lecture estim\u00e9e":"1 minute"},"schema":{"@context":"https:\/\/schema.org","@graph":[{"@type":"WebPage","@id":"https:\/\/robertaebasta.com\/fr\/cash-or-trash\/","url":"https:\/\/robertaebasta.com\/fr\/cash-or-trash\/","name":"Cash or Trash - Robertaebasta\u00ae Art Gallery","isPartOf":{"@id":"https:\/\/robertaebasta.com\/fr\/#website"},"primaryImageOfPage":{"@id":"https:\/\/robertaebasta.com\/fr\/cash-or-trash\/#primaryimage"},"image":{"@id":"https:\/\/robertaebasta.com\/fr\/cash-or-trash\/#primaryimage"},"thumbnailUrl":"https:\/\/robertaebasta.com\/wp-content\/uploads\/2021\/10\/Cash_Or_Trash.jpg","datePublished":"2021-09-29T09:56:04+00:00","dateModified":"2021-11-26T10:21:26+00:00","description":"Diffus\u00e9 \u00e0 partir du lundi 4 octobre sur le canal Nove. Dirig\u00e9 par Paolo Conticini, vous verrez notre Roberta Tagliavini avec quatre amis et experts du","breadcrumb":{"@id":"https:\/\/robertaebasta.com\/fr\/cash-or-trash\/#breadcrumb"},"inLanguage":"fr-FR","potentialAction":[{"@type":"ReadAction","target":["https:\/\/robertaebasta.com\/fr\/cash-or-trash\/"]}]},{"@type":"ImageObject","inLanguage":"fr-FR","@id":"https:\/\/robertaebasta.com\/fr\/cash-or-trash\/#primaryimage","url":"https:\/\/robertaebasta.com\/wp-content\/uploads\/2021\/10\/Cash_Or_Trash.jpg","contentUrl":"https:\/\/robertaebasta.com\/wp-content\/uploads\/2021\/10\/Cash_Or_Trash.jpg","width":1280,"height":720,"caption":"Crash or Trash con Paolo Conticini e Roberta Tagliavini su Discovery plus NOVE"},{"@type":"BreadcrumbList","@id":"https:\/\/robertaebasta.com\/fr\/cash-or-trash\/#breadcrumb","itemListElement":[{"@type":"ListItem","position":1,"name":"Home","item":"https:\/\/robertaebasta.com\/fr\/"},{"@type":"ListItem","position":2,"name":"Cash or Trash"}]},{"@type":"WebSite","@id":"https:\/\/robertaebasta.com\/fr\/#website","url":"https:\/\/robertaebasta.com\/fr\/","name":"Robertaebasta\u00ae Art Gallery","description":"Galleria Antiquaria Milano: art deco, modernariato e stile vintage","publisher":{"@id":"https:\/\/robertaebasta.com\/fr\/#organization"},"potentialAction":[{"@type":"SearchAction","target":{"@type":"EntryPoint","urlTemplate":"https:\/\/robertaebasta.com\/fr\/?s={search_term_string}"},"query-input":{"@type":"PropertyValueSpecification","valueRequired":true,"valueName":"search_term_string"}}],"inLanguage":"fr-FR"},{"@type":"Organization","@id":"https:\/\/robertaebasta.com\/fr\/#organization","name":"Robertaebasta\u00ae","url":"https:\/\/robertaebasta.com\/fr\/","logo":{"@type":"ImageObject","inLanguage":"fr-FR","@id":"https:\/\/robertaebasta.com\/fr\/#\/schema\/logo\/image\/","url":"https:\/\/robertaebasta.com\/wp-content\/uploads\/2020\/03\/logo_oro.png","contentUrl":"https:\/\/robertaebasta.com\/wp-content\/uploads\/2020\/03\/logo_oro.png","width":991,"height":180,"caption":"Robertaebasta\u00ae"},"image":{"@id":"https:\/\/robertaebasta.com\/fr\/#\/schema\/logo\/image\/"},"sameAs":["https:\/\/www.facebook.com\/RobertaebastaMilano\/","https:\/\/x.com\/robertaebasta1","https:\/\/www.instagram.com\/galleria_robertaebasta\/","https:\/\/www.linkedin.com\/company\/robertaebasta\/","https:\/\/www.pinterest.it\/robertaebastaartgallery\/","https:\/\/www.youtube.com\/channel\/UC4l_1jBxbO1I18UQKcImUsw"]}]}},"_links":{"self":[{"href":"https:\/\/robertaebasta.com\/fr\/wp-json\/wp\/v2\/pages\/187849"}],"collection":[{"href":"https:\/\/robertaebasta.com\/fr\/wp-json\/wp\/v2\/pages"}],"about":[{"href":"https:\/\/robertaebasta.com\/fr\/wp-json\/wp\/v2\/types\/page"}],"author":[{"embeddable":true,"href":"https:\/\/robertaebasta.com\/fr\/wp-json\/wp\/v2\/users\/1"}],"replies":[{"embeddable":true,"href":"https:\/\/robertaebasta.com\/fr\/wp-json\/wp\/v2\/comments?post=187849"}],"version-history":[{"count":0,"href":"https:\/\/robertaebasta.com\/fr\/wp-json\/wp\/v2\/pages\/187849\/revisions"}],"wp:featuredmedia":[{"embeddable":true,"href":"https:\/\/robertaebasta.com\/fr\/wp-json\/wp\/v2\/media\/187896"}],"wp:attachment":[{"href":"https:\/\/robertaebasta.com\/fr\/wp-json\/wp\/v2\/media?parent=187849"}],"curies":[{"name":"wp","href":"https:\/\/api.w.org\/{rel}","templated":true}]}}