{"id":188075,"date":"2021-12-10T15:22:48","date_gmt":"2021-12-10T14:22:48","guid":{"rendered":"https:\/\/robertaebasta.com\/?page_id=188075"},"modified":"2026-03-04T17:59:36","modified_gmt":"2026-03-04T16:59:36","slug":"la-mercante-di-brera","status":"publish","type":"page","link":"https:\/\/robertaebasta.com\/fr\/la-mercante-di-brera\/","title":{"rendered":"La Mercante di Brera"},"content":{"rendered":"[vc_row nav_skin=\u00a0\u00bblight\u00a0\u00bb consent_include=\u00a0\u00bbinclude\u00a0\u00bb][vc_column el_design=\u00a0\u00bb{\u00ab\u00a0desktop\u00ab\u00a0:{\u00ab\u00a0padding-top\u00ab\u00a0:\u00ab\u00a015\u00ab\u00a0,\u00ab\u00a0padding-right\u00ab\u00a0:\u00ab\u00a015\u00ab\u00a0,\u00ab\u00a0padding-bottom\u00ab\u00a0:\u00ab\u00a015\u00ab\u00a0,\u00ab\u00a0padding-left\u00ab\u00a0:\u00ab\u00a015\u00ab\u00a0}}\u00a0\u00bb css_animation=\u00a0\u00bb\u00a0\u00bb offset=\u00a0\u00bbvc_col-md-offset-1 vc_col-md-10&Prime;][vc_text_element css_animation=\u00a0\u00bb\u00a0\u00bb]\n<p>Roberta Tagliavini ouvre les portes de son entreprise. Ventes aux ench\u00e8res \u00e0 la derni\u00e8re relance, objets incontournables et antiquit\u00e9s uniques. Un programme produit par Colorado Film, la Docuralit\u00e9 sur l&rsquo;art avec des pi\u00e8ces embl\u00e9matiques et des n\u00e9gociations \u00e9troites bas\u00e9es sur la vie quotidienne du protagoniste.<\/p>\n[\/vc_text_element][\/vc_column][\/vc_row][vc_row nav_skin=\u00a0\u00bblight\u00a0\u00bb consent_include=\u00a0\u00bbinclude\u00a0\u00bb el_design=\u00a0\u00bb{\u00ab\u00a0desktop\u00ab\u00a0:{\u00ab\u00a0padding-top\u00ab\u00a0:\u00ab\u00a00\u00ab\u00a0,\u00ab\u00a0padding-bottom\u00ab\u00a0:\u00ab\u00a032\u00ab\u00a0}}\u00a0\u00bb][vc_column css_animation=\u00a0\u00bb\u00a0\u00bb][vc_text_element css_animation=\u00a0\u00bb\u00a0\u00bb]\n<p style=\"text-align: center;\"><div class=\"epyt-video-wrapper\"><iframe  id=\"_ytid_59808\"  width=\"1200\" height=\"675\"  data-origwidth=\"1200\" data-origheight=\"675\"  data-relstop=\"1\" src=\"https:\/\/www.youtube.com\/embed\/n2AdlVaHCtQ?enablejsapi=1&autoplay=0&cc_load_policy=0&cc_lang_pref=&iv_load_policy=3&loop=0&rel=0&fs=1&playsinline=0&autohide=2&theme=dark&color=red&controls=1&disablekb=0&\" class=\"__youtube_prefs__  no-lazyload\" title=\"YouTube player\"  allow=\"fullscreen; accelerometer; autoplay; clipboard-write; encrypted-media; gyroscope; picture-in-picture; web-share\" referrerpolicy=\"strict-origin-when-cross-origin\" allowfullscreen data-no-lazy=\"1\" data-skipgform_ajax_framebjll=\"\"><\/iframe><\/div>[\/vc_text_element][\/vc_column][\/vc_row][vc_row nav_skin=\u00a0\u00bblight\u00a0\u00bb consent_include=\u00a0\u00bbinclude\u00a0\u00bb el_design=\u00a0\u00bb{\u00ab\u00a0desktop\u00ab\u00a0:{\u00ab\u00a0padding-top\u00ab\u00a0:\u00ab\u00a00\u00ab\u00a0,\u00ab\u00a0padding-bottom\u00ab\u00a0:\u00ab\u00a032\u00ab\u00a0}}\u00a0\u00bb][vc_column css_animation=\u00a0\u00bb\u00a0\u00bb][vc_basic_grid post_type=\u00a0\u00bblamercantedibrera\u00a0\u00bb max_items=\u00a0\u00bb-1&Prime; show_filter=\u00a0\u00bbyes\u00a0\u00bb gap=\u00a0\u00bb35&Prime; filter_style=\u00a0\u00bbbordered\u00a0\u00bb filter_default_title=\u00a0\u00bbTutte le stagioni\u00a0\u00bb filter_color=\u00a0\u00bbwhite\u00a0\u00bb item=\u00a0\u00bb1298&Prime; initial_loading_animation=\u00a0\u00bbnone\u00a0\u00bb grid_id=\u00a0\u00bbvc_gid:1639145233084-3b15cd00-5798-5&Prime; filter_source=\u00a0\u00bbstagioni\u00a0\u00bb][\/vc_column][\/vc_row]\n","protected":false},"excerpt":{"rendered":"<p>[vc_row nav_skin=\u00a0\u00bblight\u00a0\u00bb consent_include=\u00a0\u00bbinclude\u00a0\u00bb][vc_column el_design=\u00a0\u00bb{\u00ab\u00a0desktop\u00ab\u00a0:{\u00ab\u00a0padding-top\u00ab\u00a0:\u00ab\u00a015\u00ab\u00a0,\u00ab\u00a0padding-right\u00ab\u00a0:\u00ab\u00a015\u00ab\u00a0,\u00ab\u00a0padding-bottom\u00ab\u00a0:\u00ab\u00a015\u00ab\u00a0,\u00ab\u00a0padding-left\u00ab\u00a0:\u00ab\u00a015\u00ab\u00a0}}\u00a0\u00bb css_animation=\u00a0\u00bb\u00a0\u00bb offset=\u00a0\u00bbvc_col-md-offset-1 vc_col-md-10&Prime;][vc_text_element css_animation=\u00a0\u00bb\u00a0\u00bb] Roberta Tagliavini ouvre les portes de son entreprise. Ventes aux ench\u00e8res \u00e0 la derni\u00e8re relance, objets incontournables et antiquit\u00e9s uniques. Un programme produit par Colorado Film, la Docuralit\u00e9 sur l&rsquo;art avec des pi\u00e8ces embl\u00e9matiques et des n\u00e9gociations \u00e9troites bas\u00e9es sur la vie quotidienne du protagoniste. [\/vc_text_element][\/vc_column][\/vc_row][vc_row nav_skin=\u00a0\u00bblight\u00a0\u00bb consent_include=\u00a0\u00bbinclude\u00a0\u00bb el_design=\u00a0\u00bb{\u00ab\u00a0desktop\u00ab\u00a0:{\u00ab\u00a0padding-top\u00ab\u00a0:\u00ab\u00a00\u00ab\u00a0,\u00ab\u00a0padding-bottom\u00ab\u00a0:\u00ab\u00a032\u00ab\u00a0}}\u00a0\u00bb][vc_column css_animation=\u00a0\u00bb\u00a0\u00bb][vc_text_element css_animation=\u00a0\u00bb\u00a0\u00bb] [\/vc_text_element][\/vc_column][\/vc_row][vc_row nav_skin=\u00a0\u00bblight\u00a0\u00bb consent_include=\u00a0\u00bbinclude\u00a0\u00bb el_design=\u00a0\u00bb{\u00ab\u00a0desktop\u00ab\u00a0:{\u00ab\u00a0padding-top\u00ab\u00a0:\u00ab\u00a00\u00ab\u00a0,\u00ab\u00a0padding-bottom\u00ab\u00a0:\u00ab\u00a032\u00ab\u00a0}}\u00a0\u00bb][vc_column css_animation=\u00a0\u00bb\u00a0\u00bb][vc_basic_grid post_type=\u00a0\u00bblamercantedibrera\u00a0\u00bb max_items=\u00a0\u00bb-1&Prime; show_filter=\u00a0\u00bbyes\u00a0\u00bb gap=\u00a0\u00bb35&Prime; filter_style=\u00a0\u00bbbordered\u00a0\u00bb filter_default_title=\u00a0\u00bbTutte le stagioni\u00a0\u00bb filter_color=\u00a0\u00bbwhite\u00a0\u00bb item=\u00a0\u00bb1298&Prime; initial_loading_animation=\u00a0\u00bbnone\u00a0\u00bb [&#8230;]<\/p>\n","protected":false},"author":2,"featured_media":188266,"parent":0,"menu_order":0,"comment_status":"closed","ping_status":"closed","template":"","meta":{"footnotes":""},"acf":[],"yoast_head":"<!-- This site is optimized with the Yoast SEO plugin v23.5 - https:\/\/yoast.com\/wordpress\/plugins\/seo\/ -->\n<title>La Mercante di Brera<\/title>\n<meta name=\"description\" content=\"Roberta Tagliavini ouvre les portes de son entreprise. Ventes aux ench\u00e8res \u00e0 la derni\u00e8re relance, objets incontournables et antiquit\u00e9s uniques. Un\" \/>\n<meta name=\"robots\" content=\"index, follow, max-snippet:-1, max-image-preview:large, max-video-preview:-1\" \/>\n<link rel=\"canonical\" href=\"https:\/\/robertaebasta.com\/fr\/la-mercante-di-brera\/\" \/>\n<meta property=\"og:locale\" content=\"fr_FR\" \/>\n<meta property=\"og:type\" content=\"article\" \/>\n<meta property=\"og:title\" content=\"La Mercante di Brera\" \/>\n<meta property=\"og:description\" content=\"Roberta Tagliavini ouvre les portes de son entreprise. Ventes aux ench\u00e8res \u00e0 la derni\u00e8re relance, objets incontournables et antiquit\u00e9s uniques. Un\" \/>\n<meta property=\"og:url\" content=\"https:\/\/robertaebasta.com\/fr\/la-mercante-di-brera\/\" \/>\n<meta property=\"og:site_name\" content=\"Robertaebasta\u00ae Art Gallery\" \/>\n<meta property=\"article:publisher\" content=\"https:\/\/www.facebook.com\/RobertaebastaMilano\/\" \/>\n<meta property=\"article:modified_time\" content=\"2026-03-04T16:59:36+00:00\" \/>\n<meta property=\"og:image\" content=\"https:\/\/robertaebasta.com\/wp-content\/uploads\/2021\/12\/mercante-brera.jpg\" \/>\n\t<meta property=\"og:image:width\" content=\"1500\" \/>\n\t<meta property=\"og:image:height\" content=\"1500\" \/>\n\t<meta property=\"og:image:type\" content=\"image\/jpeg\" \/>\n<meta name=\"twitter:card\" content=\"summary_large_image\" \/>\n<meta name=\"twitter:site\" content=\"@robertaebasta1\" \/>\n<meta name=\"twitter:label1\" content=\"Dur\u00e9e de lecture estim\u00e9e\" \/>\n\t<meta name=\"twitter:data1\" content=\"1 minute\" \/>\n<!-- \/ Yoast SEO plugin. -->","yoast_head_json":{"title":"La Mercante di Brera","description":"Roberta Tagliavini ouvre les portes de son entreprise. Ventes aux ench\u00e8res \u00e0 la derni\u00e8re relance, objets incontournables et antiquit\u00e9s uniques. Un","robots":{"index":"index","follow":"follow","max-snippet":"max-snippet:-1","max-image-preview":"max-image-preview:large","max-video-preview":"max-video-preview:-1"},"canonical":"https:\/\/robertaebasta.com\/fr\/la-mercante-di-brera\/","og_locale":"fr_FR","og_type":"article","og_title":"La Mercante di Brera","og_description":"Roberta Tagliavini ouvre les portes de son entreprise. Ventes aux ench\u00e8res \u00e0 la derni\u00e8re relance, objets incontournables et antiquit\u00e9s uniques. Un","og_url":"https:\/\/robertaebasta.com\/fr\/la-mercante-di-brera\/","og_site_name":"Robertaebasta\u00ae Art Gallery","article_publisher":"https:\/\/www.facebook.com\/RobertaebastaMilano\/","article_modified_time":"2026-03-04T16:59:36+00:00","og_image":[{"width":1500,"height":1500,"url":"https:\/\/robertaebasta.com\/wp-content\/uploads\/2021\/12\/mercante-brera.jpg","type":"image\/jpeg"}],"twitter_card":"summary_large_image","twitter_site":"@robertaebasta1","twitter_misc":{"Dur\u00e9e de lecture estim\u00e9e":"1 minute"},"schema":{"@context":"https:\/\/schema.org","@graph":[{"@type":"WebPage","@id":"https:\/\/robertaebasta.com\/fr\/la-mercante-di-brera\/","url":"https:\/\/robertaebasta.com\/fr\/la-mercante-di-brera\/","name":"La Mercante di Brera","isPartOf":{"@id":"https:\/\/robertaebasta.com\/fr\/#website"},"primaryImageOfPage":{"@id":"https:\/\/robertaebasta.com\/fr\/la-mercante-di-brera\/#primaryimage"},"image":{"@id":"https:\/\/robertaebasta.com\/fr\/la-mercante-di-brera\/#primaryimage"},"thumbnailUrl":"https:\/\/robertaebasta.com\/wp-content\/uploads\/2021\/12\/mercante-brera.jpg","datePublished":"2021-12-10T14:22:48+00:00","dateModified":"2026-03-04T16:59:36+00:00","description":"Roberta Tagliavini ouvre les portes de son entreprise. Ventes aux ench\u00e8res \u00e0 la derni\u00e8re relance, objets incontournables et antiquit\u00e9s uniques. Un","breadcrumb":{"@id":"https:\/\/robertaebasta.com\/fr\/la-mercante-di-brera\/#breadcrumb"},"inLanguage":"fr-FR","potentialAction":[{"@type":"ReadAction","target":["https:\/\/robertaebasta.com\/fr\/la-mercante-di-brera\/"]}]},{"@type":"ImageObject","inLanguage":"fr-FR","@id":"https:\/\/robertaebasta.com\/fr\/la-mercante-di-brera\/#primaryimage","url":"https:\/\/robertaebasta.com\/wp-content\/uploads\/2021\/12\/mercante-brera.jpg","contentUrl":"https:\/\/robertaebasta.com\/wp-content\/uploads\/2021\/12\/mercante-brera.jpg","width":1500,"height":1500},{"@type":"BreadcrumbList","@id":"https:\/\/robertaebasta.com\/fr\/la-mercante-di-brera\/#breadcrumb","itemListElement":[{"@type":"ListItem","position":1,"name":"Home","item":"https:\/\/robertaebasta.com\/fr\/"},{"@type":"ListItem","position":2,"name":"La Mercante di Brera"}]},{"@type":"WebSite","@id":"https:\/\/robertaebasta.com\/fr\/#website","url":"https:\/\/robertaebasta.com\/fr\/","name":"Robertaebasta\u00ae Art Gallery","description":"Galleria Antiquaria Milano: art deco, modernariato e stile vintage","publisher":{"@id":"https:\/\/robertaebasta.com\/fr\/#organization"},"potentialAction":[{"@type":"SearchAction","target":{"@type":"EntryPoint","urlTemplate":"https:\/\/robertaebasta.com\/fr\/?s={search_term_string}"},"query-input":{"@type":"PropertyValueSpecification","valueRequired":true,"valueName":"search_term_string"}}],"inLanguage":"fr-FR"},{"@type":"Organization","@id":"https:\/\/robertaebasta.com\/fr\/#organization","name":"Robertaebasta\u00ae","url":"https:\/\/robertaebasta.com\/fr\/","logo":{"@type":"ImageObject","inLanguage":"fr-FR","@id":"https:\/\/robertaebasta.com\/fr\/#\/schema\/logo\/image\/","url":"https:\/\/robertaebasta.com\/wp-content\/uploads\/2020\/03\/logo_oro.png","contentUrl":"https:\/\/robertaebasta.com\/wp-content\/uploads\/2020\/03\/logo_oro.png","width":991,"height":180,"caption":"Robertaebasta\u00ae"},"image":{"@id":"https:\/\/robertaebasta.com\/fr\/#\/schema\/logo\/image\/"},"sameAs":["https:\/\/www.facebook.com\/RobertaebastaMilano\/","https:\/\/x.com\/robertaebasta1","https:\/\/www.instagram.com\/galleria_robertaebasta\/","https:\/\/www.linkedin.com\/company\/robertaebasta\/","https:\/\/www.pinterest.it\/robertaebastaartgallery\/","https:\/\/www.youtube.com\/channel\/UC4l_1jBxbO1I18UQKcImUsw"]}]}},"_links":{"self":[{"href":"https:\/\/robertaebasta.com\/fr\/wp-json\/wp\/v2\/pages\/188075"}],"collection":[{"href":"https:\/\/robertaebasta.com\/fr\/wp-json\/wp\/v2\/pages"}],"about":[{"href":"https:\/\/robertaebasta.com\/fr\/wp-json\/wp\/v2\/types\/page"}],"author":[{"embeddable":true,"href":"https:\/\/robertaebasta.com\/fr\/wp-json\/wp\/v2\/users\/2"}],"replies":[{"embeddable":true,"href":"https:\/\/robertaebasta.com\/fr\/wp-json\/wp\/v2\/comments?post=188075"}],"version-history":[{"count":1,"href":"https:\/\/robertaebasta.com\/fr\/wp-json\/wp\/v2\/pages\/188075\/revisions"}],"predecessor-version":[{"id":209624,"href":"https:\/\/robertaebasta.com\/fr\/wp-json\/wp\/v2\/pages\/188075\/revisions\/209624"}],"wp:featuredmedia":[{"embeddable":true,"href":"https:\/\/robertaebasta.com\/fr\/wp-json\/wp\/v2\/media\/188266"}],"wp:attachment":[{"href":"https:\/\/robertaebasta.com\/fr\/wp-json\/wp\/v2\/media?parent=188075"}],"curies":[{"name":"wp","href":"https:\/\/api.w.org\/{rel}","templated":true}]}}